{"id":15,"date":"2015-01-17T16:35:53","date_gmt":"2015-01-17T16:35:53","guid":{"rendered":"http:\/\/wp.mr.pagenkemper.com\/?page_id=15"},"modified":"2025-10-13T06:19:04","modified_gmt":"2025-10-13T06:19:04","slug":"test","status":"publish","type":"page","link":"https:\/\/mrzeven.de\/","title":{"rendered":"Home"},"content":{"rendered":"<p>[vc_row][vc_column][\/vc_column][\/vc_row][vc_row bg_type=&#8220;bg_color&#8220; bg_override=&#8220;0&#8243; bg_color_value=&#8220;#686868&#8243;][vc_column][vc_empty_space][vc_empty_space]<div class=\"dt-fancy-separator title-left h2-size\" style=\"width: 100%;\"><div class=\"dt-fancy-title\" style=\"color: #686868;\"><span class=\"separator-holder separator-left\" style=\"border-color: #ffffff;\"><\/span>Aktuelles<span class=\"separator-holder separator-right\" style=\"border-color: #ffffff;\"><\/span><\/div><\/div>[\/vc_column][\/vc_row][vc_row bg_type=&#8220;bg_color&#8220; bg_override=&#8220;0&#8243; bg_color_value=&#8220;#686868&#8243;][vc_column][vc_empty_space height=&#8220;50px&#8220;][\/vc_column][\/vc_row][vc_row bg_type=&#8220;bg_color&#8220; bg_override=&#8220;0&#8243; bg_color_value=&#8220;#686868&#8243;][vc_column width=&#8220;1\/3&#8243; font_color=&#8220;#b2b2b2&#8243;][vc_single_image image=&#8220;36198&#8243; img_size=&#8220;400&#215;300&#8243; alignment=&#8220;center&#8220;][vc_empty_space][vc_empty_space][\/vc_column][vc_column width=&#8220;1\/3&#8243;][vc_single_image image=&#8220;35912&#8243; img_size=&#8220;400&#215;300&#8243; alignment=&#8220;center&#8220;][vc_empty_space][vc_empty_space][\/vc_column][vc_column width=&#8220;1\/3&#8243;][vc_single_image image=&#8220;35824&#8243; img_size=&#8220;400&#215;300&#8243; alignment=&#8220;center&#8220;][vc_empty_space][\/vc_column][\/vc_row][vc_row bg_type=&#8220;bg_color&#8220; bg_override=&#8220;0&#8243; bg_color_value=&#8220;#686868&#8243;][vc_column width=&#8220;1\/3&#8243;][vc_column_text]<\/p>\n<h4><span style=\"color: #000000;\">N\u00e4hrstoffvermittlung<br \/><\/span><\/h4>\n<p><span style=\"color: #000000;\">Sie haben N\u00e4hrstoffe abzugeben, in fester oder fl\u00fcssiger Form? &#8211; oder haben Interesse an G\u00fclleseparation bzw Infos dazu und w\u00fcrden die festen Substrate abgeben wollen? Dann melden Sie sich gerne bei uns!<\/span><\/p>\n<p><span style=\"color: #000000;\">Genauso k\u00f6nnen wir Ihnen zu attraktiven Konditionen organische N\u00e4hrstoffe anbieten, sprechen Sie uns jetzt an, damit Sie f\u00fcr die Fr\u00fchjahrsbestellung oder zum Vegationsbeginn aufs Wintergetreide die gew\u00fcnschten N\u00e4hrstoffe erhalten!<\/span><\/p>\n<p>[\/vc_column_text][vc_empty_space][\/vc_column][vc_column width=&#8220;1\/3&#8243;][vc_column_text]<\/p>\n<h4><span style=\"color: #000000;\">Grundfuttervermittlung<\/span><\/h4>\n<p><span style=\"color: #000000;\">\u00a0<\/span><\/p>\n<p><span style=\"color: #000000;\">Nach wie vor besteht eine hohe Nachfrage nach Grundfutter jeglicher Art. Es sind aktuell attraktive Konditionen zu erzielen. &#8211; Falls Sie etwas abzugeben haben, w\u00e4hlen Sie die<strong> 04281-93930<\/strong> und geben uns die Mengen durch!<\/span>[\/vc_column_text][vc_empty_space][\/vc_column][vc_column width=&#8220;1\/3&#8243;][vc_column_text]<\/p>\n<h4 style=\"text-align: justify;\">\u00a0<\/h4>\n<p>&nbsp;<\/p>\n<h4 style=\"text-align: justify;\"><span style=\"color: #000000;\">\u00a0Mitarbeiter\/-in gesucht!\u00a0<\/span><\/h4>\n<ul>\n<li>aktuell sind alle Stellen besetzt<\/li>\n<\/ul>\n\n\n<p><\/p>\n","protected":false},"excerpt":{"rendered":"<p>[vc_row][vc_column][\/vc_column][\/vc_row][vc_row bg_type=&#8220;bg_color&#8220; bg_override=&#8220;0&#8243; bg_color_value=&#8220;#686868&#8243;][vc_column][vc_empty_space][vc_empty_space][\/vc_column][\/vc_row][vc_row bg_type=&#8220;bg_color&#8220; bg_override=&#8220;0&#8243; bg_color_value=&#8220;#686868&#8243;][vc_column][vc_empty_space height=&#8220;50px&#8220;][\/vc_column][\/vc_row][vc_row bg_type=&#8220;bg_color&#8220; bg_override=&#8220;0&#8243; bg_color_value=&#8220;#686868&#8243;][vc_column width=&#8220;1\/3&#8243; font_color=&#8220;#b2b2b2&#8243;][vc_single_image image=&#8220;36198&#8243; img_size=&#8220;400&#215;300&#8243; alignment=&#8220;center&#8220;][vc_empty_space][vc_empty_space][\/vc_column][vc_column width=&#8220;1\/3&#8243;][vc_single_image image=&#8220;35912&#8243; img_size=&#8220;400&#215;300&#8243; alignment=&#8220;center&#8220;][vc_empty_space][vc_empty_space][\/vc_column][vc_column width=&#8220;1\/3&#8243;][vc_single_image image=&#8220;35824&#8243; img_size=&#8220;400&#215;300&#8243; alignment=&#8220;center&#8220;][vc_empty_space][\/vc_column][\/vc_row][vc_row bg_type=&#8220;bg_color&#8220; bg_override=&#8220;0&#8243; bg_color_value=&#8220;#686868&#8243;][vc_column width=&#8220;1\/3&#8243;][vc_column_text] N\u00e4hrstoffvermittlung Sie haben N\u00e4hrstoffe abzugeben, in fester oder fl\u00fcssiger Form? &#8211; oder haben Interesse an G\u00fclleseparation bzw Infos dazu und w\u00fcrden die festen Substrate abgeben wollen? Dann&hellip;<\/p>\n","protected":false},"author":1,"featured_media":0,"parent":0,"menu_order":0,"comment_status":"closed","ping_status":"closed","template":"","meta":[],"class_list":["post-15","page","type-page","status-publish","hentry","description-off"],"_links":{"self":[{"href":"https:\/\/mrzeven.de\/index.php?rest_route=\/wp\/v2\/pages\/15","targetHints":{"allow":["GET"]}}],"collection":[{"href":"https:\/\/mrzeven.de\/index.php?rest_route=\/wp\/v2\/pages"}],"about":[{"href":"https:\/\/mrzeven.de\/index.php?rest_route=\/wp\/v2\/types\/page"}],"author":[{"embeddable":true,"href":"https:\/\/mrzeven.de\/index.php?rest_route=\/wp\/v2\/users\/1"}],"replies":[{"embeddable":true,"href":"https:\/\/mrzeven.de\/index.php?rest_route=%2Fwp%2Fv2%2Fcomments&post=15"}],"version-history":[{"count":167,"href":"https:\/\/mrzeven.de\/index.php?rest_route=\/wp\/v2\/pages\/15\/revisions"}],"predecessor-version":[{"id":36355,"href":"https:\/\/mrzeven.de\/index.php?rest_route=\/wp\/v2\/pages\/15\/revisions\/36355"}],"wp:attachment":[{"href":"https:\/\/mrzeven.de\/index.php?rest_route=%2Fwp%2Fv2%2Fmedia&parent=15"}],"curies":[{"name":"wp","href":"https:\/\/api.w.org\/{rel}","templated":true}]}}