{"id":35370,"date":"2015-01-22T07:33:18","date_gmt":"2015-01-22T07:33:18","guid":{"rendered":"http:\/\/wp.mr.pagenkemper.com\/?page_id=35370"},"modified":"2015-04-02T06:18:59","modified_gmt":"2015-04-02T06:18:59","slug":"futtermittel","status":"publish","type":"page","link":"https:\/\/mrzeven.de\/?page_id=35370","title":{"rendered":"Futtermittel"},"content":{"rendered":"<p>[vc_row][vc_column width=&#8220;1\/1&#8243;]<div class=\"dt-fancy-separator title-left h2-size\" style=\"width: 100%;\"><div class=\"dt-fancy-title\" style=\"color: #5b5b5b;\"><span class=\"separator-holder separator-left\" style=\"border-color: #5b5b5b;\"><\/span>Futtermittel<span class=\"separator-holder separator-right\" style=\"border-color: #5b5b5b;\"><\/span><\/div><\/div>[vc_empty_space height=&#8220;30px&#8220;][vc_column_text]<\/p>\n<p style=\"text-align: justify;\"><span style=\"color: #5b5b5b;\">Vermittlung von Maschinen und Betriebshelfern geh\u00f6rt genauso zu den Aufgaben wie die Vermittlung von \u00fcbersch\u00fcssigen Grundfuttermitteln . Seit Jahren vermitteln wir sowohl Mais- und Grassilagen sowie Zuckerr\u00fcben als auch Heu, Stroh, S\u00e4gesp\u00e4ne und andere Einstreumaterialien.<\/span><\/p>\n<p style=\"text-align: justify;\"><span style=\"color: #5b5b5b;\">Ziel ist es die Liquidit\u00e4t der abgebenden Betriebe zu verbessern und die Futtersicherheit auf den aufnehmenden Mitgliedsbetrieben sicherzustellen.<\/span><\/p>\n<p style=\"text-align: justify;\"><span style=\"color: #5b5b5b;\">Momentan registrieren wir eine\u00a0 verst\u00e4rkte Nachfrage nach Silagen f\u00fcr Rinder und Maissilagen f\u00fcr Biogasanlagen. Durch\u00a0witterungsbedingt\u00a0unterdurchschnittliche Maisernten hat sich ein Engpass bei den Futtervorr\u00e4ten ergeben und viele Landwirte sind auf der Suche nach Grundfuttermitteln f\u00fcr die Viehf\u00fctterung oder als Inputstoff f\u00fcr Biogasanlagen zur Energiegewinnung!<\/span><\/p>\n<p style=\"text-align: justify;\"><span style=\"color: #5b5b5b;\">Auf diesem Markt arbeiten seit einiger Zeit viele H\u00e4ndler, die sich einen entsprechenden Profit ausrechnen. Wir sind davon \u00fcberzeugt, dass sich ein Gespr\u00e4ch mit uns auf jeden Fall rentieren kann. Einfach anrufen und vergleichen!<\/span><\/p>\n<p style=\"text-align: justify;\"><span style=\"color: #5b5b5b;\">Wir bitten um Informationen, damit wir der Nachfrage entsprechend handeln k\u00f6nnen.\u00a0<\/span><\/p>\n<p>[\/vc_column_text][\/vc_column][\/vc_row]<\/p>\n","protected":false},"excerpt":{"rendered":"<p>[vc_row][vc_column width=&#8220;1\/1&#8243;][vc_empty_space height=&#8220;30px&#8220;][vc_column_text] Vermittlung von Maschinen und Betriebshelfern geh\u00f6rt genauso zu den Aufgaben wie die Vermittlung von \u00fcbersch\u00fcssigen Grundfuttermitteln . Seit Jahren vermitteln wir sowohl Mais- und Grassilagen sowie Zuckerr\u00fcben als auch Heu, Stroh, S\u00e4gesp\u00e4ne und andere Einstreumaterialien. Ziel ist es die Liquidit\u00e4t der abgebenden Betriebe zu verbessern und die Futtersicherheit auf den aufnehmenden Mitgliedsbetrieben&hellip;<\/p>\n","protected":false},"author":1,"featured_media":0,"parent":0,"menu_order":0,"comment_status":"closed","ping_status":"closed","template":"","meta":[],"class_list":["post-35370","page","type-page","status-publish","hentry","description-off"],"_links":{"self":[{"href":"https:\/\/mrzeven.de\/index.php?rest_route=\/wp\/v2\/pages\/35370","targetHints":{"allow":["GET"]}}],"collection":[{"href":"https:\/\/mrzeven.de\/index.php?rest_route=\/wp\/v2\/pages"}],"about":[{"href":"https:\/\/mrzeven.de\/index.php?rest_route=\/wp\/v2\/types\/page"}],"author":[{"embeddable":true,"href":"https:\/\/mrzeven.de\/index.php?rest_route=\/wp\/v2\/users\/1"}],"replies":[{"embeddable":true,"href":"https:\/\/mrzeven.de\/index.php?rest_route=%2Fwp%2Fv2%2Fcomments&post=35370"}],"version-history":[{"count":5,"href":"https:\/\/mrzeven.de\/index.php?rest_route=\/wp\/v2\/pages\/35370\/revisions"}],"predecessor-version":[{"id":35806,"href":"https:\/\/mrzeven.de\/index.php?rest_route=\/wp\/v2\/pages\/35370\/revisions\/35806"}],"wp:attachment":[{"href":"https:\/\/mrzeven.de\/index.php?rest_route=%2Fwp%2Fv2%2Fmedia&parent=35370"}],"curies":[{"name":"wp","href":"https:\/\/api.w.org\/{rel}","templated":true}]}}