{"id":35372,"date":"2015-01-22T07:37:52","date_gmt":"2015-01-22T07:37:52","guid":{"rendered":"http:\/\/wp.mr.pagenkemper.com\/?page_id=35372"},"modified":"2015-04-02T06:40:18","modified_gmt":"2015-04-02T06:40:18","slug":"schlagdokumentation","status":"publish","type":"page","link":"https:\/\/mrzeven.de\/?page_id=35372","title":{"rendered":"Schlagdokumentation"},"content":{"rendered":"<p>[vc_row][vc_column width=&#8220;1\/1&#8243;]<div class=\"dt-fancy-separator title-left h2-size\" style=\"width: 100%;\"><div class=\"dt-fancy-title\" style=\"color: #5b5b5b;\"><span class=\"separator-holder separator-left\" style=\"border-color: #5b5b5b;\"><\/span>Schlagdokumentation<span class=\"separator-holder separator-right\" style=\"border-color: #5b5b5b;\"><\/span><\/div><\/div>[vc_empty_space height=&#8220;30px&#8220;][vc_column_text]<\/p>\n<p style=\"text-align: justify;\"><span style=\"color: #5b5b5b;\">F\u00fcr jeden Landwirt ist es notwendig seine durchgef\u00fchrten Arbeiten auf seinen Fl\u00e4chen zu dokumentieren. Insbesondere geh\u00f6ren Pflanzenschutzanwendungen, organische und mineralische D\u00fcngung sowie\u00a0Daten von Ernte- und Bestellungsverfahren f\u00fcr die eigene Betriebsplanung\u00a0dazu. Fehlende Cross-Compliance-Aufzeichnungen ziehen zwangsweise Sanktionen mit sich.\u00a0\u00a0\u00a0<\/span><\/p>\n<p style=\"text-align: justify;\"><span style=\"color: #5b5b5b;\"><strong>Wir helfen Ihre Schlagdaten zu f\u00fchren!<\/strong><\/span><\/p>\n<p style=\"text-align: justify;\"><span style=\"color: #5b5b5b;\">Unser Ziel ist es, f\u00fcr unsere Mitglieder einen Dokumentationsservice anzubieten, damit die notwendigen Daten rechtzeitig und jederzeit verf\u00fcgbar sind. Wir arbeiten mit einer servergest\u00fctzen, internetf\u00e4higen Schlagkartei, bei der wir in Zusammenarbeit mit Ihrem Landhandel, den Genossenschaften, Ihrem Lohnunternehmen und\u00a0 Ihrem Berater betriebsindividuelle Aufzeichnungen dokumentieren. Die Dateneingabe von vermittelten und \u00fcber den Maschinenring abgerechneten Arbeiten ist bislang kostenlos. Lediglich Stammdatenpflege und andere Arbeiten werden kostenfpflichtig bearbeitet.<\/span><\/p>\n<p style=\"text-align: justify;\"><span style=\"color: #5b5b5b;\">Wir f\u00fcr Sie und Sie mit uns! Teamwork auf ganzer Linie! Gemeinsam sind wir stark!<\/span><\/p>\n<p>[\/vc_column_text][\/vc_column][\/vc_row]<\/p>\n","protected":false},"excerpt":{"rendered":"<p>[vc_row][vc_column width=&#8220;1\/1&#8243;][vc_empty_space height=&#8220;30px&#8220;][vc_column_text] F\u00fcr jeden Landwirt ist es notwendig seine durchgef\u00fchrten Arbeiten auf seinen Fl\u00e4chen zu dokumentieren. Insbesondere geh\u00f6ren Pflanzenschutzanwendungen, organische und mineralische D\u00fcngung sowie\u00a0Daten von Ernte- und Bestellungsverfahren f\u00fcr die eigene Betriebsplanung\u00a0dazu. Fehlende Cross-Compliance-Aufzeichnungen ziehen zwangsweise Sanktionen mit sich.\u00a0\u00a0\u00a0 Wir helfen Ihre Schlagdaten zu f\u00fchren! Unser Ziel ist es, f\u00fcr unsere Mitglieder einen Dokumentationsservice&hellip;<\/p>\n","protected":false},"author":1,"featured_media":0,"parent":0,"menu_order":0,"comment_status":"closed","ping_status":"closed","template":"","meta":[],"class_list":["post-35372","page","type-page","status-publish","hentry","description-off"],"_links":{"self":[{"href":"https:\/\/mrzeven.de\/index.php?rest_route=\/wp\/v2\/pages\/35372","targetHints":{"allow":["GET"]}}],"collection":[{"href":"https:\/\/mrzeven.de\/index.php?rest_route=\/wp\/v2\/pages"}],"about":[{"href":"https:\/\/mrzeven.de\/index.php?rest_route=\/wp\/v2\/types\/page"}],"author":[{"embeddable":true,"href":"https:\/\/mrzeven.de\/index.php?rest_route=\/wp\/v2\/users\/1"}],"replies":[{"embeddable":true,"href":"https:\/\/mrzeven.de\/index.php?rest_route=%2Fwp%2Fv2%2Fcomments&post=35372"}],"version-history":[{"count":6,"href":"https:\/\/mrzeven.de\/index.php?rest_route=\/wp\/v2\/pages\/35372\/revisions"}],"predecessor-version":[{"id":35812,"href":"https:\/\/mrzeven.de\/index.php?rest_route=\/wp\/v2\/pages\/35372\/revisions\/35812"}],"wp:attachment":[{"href":"https:\/\/mrzeven.de\/index.php?rest_route=%2Fwp%2Fv2%2Fmedia&parent=35372"}],"curies":[{"name":"wp","href":"https:\/\/api.w.org\/{rel}","templated":true}]}}