{"id":35443,"date":"2015-01-27T08:54:10","date_gmt":"2015-01-27T08:54:10","guid":{"rendered":"http:\/\/wp.mr-zeven.de\/?page_id=35443"},"modified":"2015-04-02T10:05:41","modified_gmt":"2015-04-02T10:05:41","slug":"betriebshilfe","status":"publish","type":"page","link":"https:\/\/mrzeven.de\/?page_id=35443","title":{"rendered":"Betriebshilfe"},"content":{"rendered":"<p>[vc_row][vc_column width=&#8220;1\/1&#8243;]<div class=\"dt-fancy-separator title-left h2-size\" style=\"width: 100%;\"><div class=\"dt-fancy-title\" style=\"color: #5b5b5b;\"><span class=\"separator-holder separator-left\" style=\"border-color: #5b5b5b;\"><\/span>Betriebshilfe<span class=\"separator-holder separator-right\" style=\"border-color: #5b5b5b;\"><\/span><\/div><\/div>[vc_empty_space height=&#8220;30px&#8220;][vc_column_text]<\/p>\n<p style=\"text-align: justify;\"><span style=\"color: #5b5b5b;\">Erst den Notruf verst\u00e4ndigen und dann den Maschinenring informieren. Wir stellen landwirtschaftlichen Unternehmen bei Unf\u00e4llen, Krankheits-, Rehabilitations- oder Schwangerschaftsf\u00e4llen notwendige Betriebshelfer zum Aufrechthalten der Betriebs- und Haushaltsabl\u00e4ufe. In Zusammenarbeit mit der Alterskasse und den \u00f6rtlichen Landv\u00f6lkern Zeven und Bremerv\u00f6rde organisieren wir die Betriebshilfe. <\/span><\/p>\n<p style=\"text-align: justify;\"><span style=\"color: #5b5b5b;\"><strong><span style=\"text-decoration: underline;\">Unmittelbar vor<\/span><\/strong> Beginn der Betriebshilfe muss eine Einsatzmeldung bei der Alterskasse erfolgen. Wir leisten diese Dienstleistung f\u00fcr Sie.<\/span><br \/>\n<span style=\"color: #5b5b5b;\"> Zum Ablauf:<\/span><\/p>\n<p style=\"text-align: justify;\"><span style=\"color: #5b5b5b;\">1. Erstversorgung sicherstellen <\/span><br \/>\n<span style=\"color: #5b5b5b;\"> 2. Maschinenring zur Organisation\/Vermittlung der Betriebshilfe beauftragen<\/span><br \/>\n<span style=\"color: #5b5b5b;\"> 3. Termin beim Landvolk wegen Antragstellung vereinbaren<\/span><br \/>\n<span style=\"color: #5b5b5b;\"> 4. Maschinenring \u00fcber Heilungsverlauf bzw. Dauer der Betriebshilfe in Kenntnis setzen<\/span><br \/>\n<span style=\"color: #5b5b5b;\"> 5. Abrechnung der Betriebshelferleistung im Namen und auf Rechnung des Betriebshelfers durch den Maschinenring<\/span><\/p>\n<p style=\"text-align: justify;\"><span style=\"color: #5b5b5b;\">Die landwirtschaftliche Betriebshilfe wird von den landwirtschaftlichen Sozialversicherungen getragen. Je nach Grund der Arbeitsunf\u00e4higkeit liegt die Zust\u00e4ndigkeit bei der landwirtschaftlichen Berufsgenossenschaft (z. B. Arbeitsunfall, Berufskrankheit), bei der landwirtschaftlichen Krankenkasse (z. B. Schwangerschaft, Krankheit) oder bei der landwirtschaftlichen Alterskasse (z. B. Rehabilitationsleistungen).<\/span><\/p>\n<p>[\/vc_column_text][\/vc_column][\/vc_row]<\/p>\n","protected":false},"excerpt":{"rendered":"<p>[vc_row][vc_column width=&#8220;1\/1&#8243;][vc_empty_space height=&#8220;30px&#8220;][vc_column_text] Erst den Notruf verst\u00e4ndigen und dann den Maschinenring informieren. Wir stellen landwirtschaftlichen Unternehmen bei Unf\u00e4llen, Krankheits-, Rehabilitations- oder Schwangerschaftsf\u00e4llen notwendige Betriebshelfer zum Aufrechthalten der Betriebs- und Haushaltsabl\u00e4ufe. In Zusammenarbeit mit der Alterskasse und den \u00f6rtlichen Landv\u00f6lkern Zeven und Bremerv\u00f6rde organisieren wir die Betriebshilfe. Unmittelbar vor Beginn der Betriebshilfe muss eine Einsatzmeldung bei&hellip;<\/p>\n","protected":false},"author":1,"featured_media":0,"parent":0,"menu_order":0,"comment_status":"closed","ping_status":"closed","template":"","meta":[],"class_list":["post-35443","page","type-page","status-publish","hentry","description-off"],"_links":{"self":[{"href":"https:\/\/mrzeven.de\/index.php?rest_route=\/wp\/v2\/pages\/35443","targetHints":{"allow":["GET"]}}],"collection":[{"href":"https:\/\/mrzeven.de\/index.php?rest_route=\/wp\/v2\/pages"}],"about":[{"href":"https:\/\/mrzeven.de\/index.php?rest_route=\/wp\/v2\/types\/page"}],"author":[{"embeddable":true,"href":"https:\/\/mrzeven.de\/index.php?rest_route=\/wp\/v2\/users\/1"}],"replies":[{"embeddable":true,"href":"https:\/\/mrzeven.de\/index.php?rest_route=%2Fwp%2Fv2%2Fcomments&post=35443"}],"version-history":[{"count":6,"href":"https:\/\/mrzeven.de\/index.php?rest_route=\/wp\/v2\/pages\/35443\/revisions"}],"predecessor-version":[{"id":35826,"href":"https:\/\/mrzeven.de\/index.php?rest_route=\/wp\/v2\/pages\/35443\/revisions\/35826"}],"wp:attachment":[{"href":"https:\/\/mrzeven.de\/index.php?rest_route=%2Fwp%2Fv2%2Fmedia&parent=35443"}],"curies":[{"name":"wp","href":"https:\/\/api.w.org\/{rel}","templated":true}]}}