{"id":35884,"date":"2015-05-11T06:58:25","date_gmt":"2015-05-11T06:58:25","guid":{"rendered":"http:\/\/mrzeven.de\/?page_id=35884"},"modified":"2025-06-23T09:55:08","modified_gmt":"2025-06-23T09:55:08","slug":"lehrgaenge","status":"publish","type":"page","link":"https:\/\/mrzeven.de\/?page_id=35884","title":{"rendered":"Lehrg\u00e4nge"},"content":{"rendered":"<p>[vc_row][vc_column width=&#8220;1\/1&#8243;]<div class=\"dt-fancy-separator title-left h2-size\" style=\"width: 100%;\"><div class=\"dt-fancy-title\" style=\"color: #5b5b5b;\"><span class=\"separator-holder separator-left\"><\/span>Lehrg\u00e4nge<span class=\"separator-holder separator-right\"><\/span><\/div><\/div>[\/vc_column][\/vc_row][vc_row][vc_column width=&#8220;1\/1&#8243;][vc_empty_space height=&#8220;32px&#8220;][vc_column_text]<span style=\"color: #5b5b5b;\">Wir organisieren f\u00fcr Sie Lehrg\u00e4nge und Fortbildungen f\u00fcr den landwirtschaftlichen als auch gewerblichen Bereich.<\/span><\/p>\n<p><span style=\"color: #5b5b5b;\">Auf der folgenden\u00a0Seite k\u00f6nnen Sie sich \u00fcber unsere aktuellen Seminare sowie deren Termine informieren.<\/span>[\/vc_column_text][\/vc_column][\/vc_row][vc_row][vc_column width=&#8220;1\/1&#8243;]<div class=\"standard-arrow\"><p>\u00a0<\/p>\n<ul>\n<li>\n<h5><span style=\"color: #5b5b5b;\">S\u00e4gekettenlehrgang<\/span><\/h5>\n<\/li>\n<li>\n<h5><span style=\"color: #5b5b5b;\">1. Hilfekurs f\u00fcr Betriebshelfer<\/span><\/h5>\n<\/li>\n<li>\n<h5><span style=\"color: #5b5b5b;\">CE-Fortbildung<\/span><\/h5>\n<\/li>\n<\/ul>\n<\/div>[\/vc_column][\/vc_row][vc_row][vc_column width=&#8220;1\/1&#8243;][vc_empty_space height=&#8220;100px&#8220;][\/vc_column][\/vc_row]<\/p>\n\n\n<p><\/p>\n","protected":false},"excerpt":{"rendered":"<p>[vc_row][vc_column width=&#8220;1\/1&#8243;][\/vc_column][\/vc_row][vc_row][vc_column width=&#8220;1\/1&#8243;][vc_empty_space height=&#8220;32px&#8220;][vc_column_text]Wir organisieren f\u00fcr Sie Lehrg\u00e4nge und Fortbildungen f\u00fcr den landwirtschaftlichen als auch gewerblichen Bereich. Auf der folgenden\u00a0Seite k\u00f6nnen Sie sich \u00fcber unsere aktuellen Seminare sowie deren Termine informieren.[\/vc_column_text][\/vc_column][\/vc_row][vc_row][vc_column width=&#8220;1\/1&#8243;][\/vc_column][\/vc_row][vc_row][vc_column width=&#8220;1\/1&#8243;][vc_empty_space height=&#8220;100px&#8220;][\/vc_column][\/vc_row]<\/p>\n","protected":false},"author":1,"featured_media":0,"parent":0,"menu_order":0,"comment_status":"closed","ping_status":"closed","template":"","meta":[],"class_list":["post-35884","page","type-page","status-publish","hentry","description-off"],"_links":{"self":[{"href":"https:\/\/mrzeven.de\/index.php?rest_route=\/wp\/v2\/pages\/35884","targetHints":{"allow":["GET"]}}],"collection":[{"href":"https:\/\/mrzeven.de\/index.php?rest_route=\/wp\/v2\/pages"}],"about":[{"href":"https:\/\/mrzeven.de\/index.php?rest_route=\/wp\/v2\/types\/page"}],"author":[{"embeddable":true,"href":"https:\/\/mrzeven.de\/index.php?rest_route=\/wp\/v2\/users\/1"}],"replies":[{"embeddable":true,"href":"https:\/\/mrzeven.de\/index.php?rest_route=%2Fwp%2Fv2%2Fcomments&post=35884"}],"version-history":[{"count":8,"href":"https:\/\/mrzeven.de\/index.php?rest_route=\/wp\/v2\/pages\/35884\/revisions"}],"predecessor-version":[{"id":36347,"href":"https:\/\/mrzeven.de\/index.php?rest_route=\/wp\/v2\/pages\/35884\/revisions\/36347"}],"wp:attachment":[{"href":"https:\/\/mrzeven.de\/index.php?rest_route=%2Fwp%2Fv2%2Fmedia&parent=35884"}],"curies":[{"name":"wp","href":"https:\/\/api.w.org\/{rel}","templated":true}]}}